{"id":497,"date":"2025-11-14T09:11:25","date_gmt":"2025-11-14T09:11:25","guid":{"rendered":"https:\/\/thetongueteacher.com\/i-am-a-practitioner\/support\/"},"modified":"2026-02-17T11:00:16","modified_gmt":"2026-02-17T11:00:16","slug":"support","status":"publish","type":"page","link":"https:\/\/thetongueteacher.com\/en\/doctor\/support\/","title":{"rendered":"Contact us"},"content":{"rendered":"\n<p><mark style=\"background-color:rgba(0, 0, 0, 0);color:#10689d\" class=\"has-inline-color\">The Tongue Teacher<\/mark> team is at your disposal to assist you and answer your questions.<\/p>\n\n\n\n<p>Leave us your message here.<\/p>\n\n\n\n<div class=\"wpcf7 no-js\" id=\"wpcf7-f532-o1\" lang=\"en-US\" dir=\"ltr\" data-wpcf7-id=\"532\">\n<div class=\"screen-reader-response\"><p role=\"status\" aria-live=\"polite\" aria-atomic=\"true\"><\/p> <ul><\/ul><\/div>\n<form action=\"\/en\/wp-json\/wp\/v2\/pages\/497#wpcf7-f532-o1\" method=\"post\" class=\"wpcf7-form init\" aria-label=\"Contact form\" novalidate=\"novalidate\" data-status=\"init\">\n<fieldset class=\"hidden-fields-container\"><input type=\"hidden\" name=\"_wpcf7\" value=\"532\" \/><input type=\"hidden\" name=\"_wpcf7_version\" value=\"6.1.3\" \/><input type=\"hidden\" name=\"_wpcf7_locale\" value=\"en_US\" \/><input type=\"hidden\" name=\"_wpcf7_unit_tag\" value=\"wpcf7-f532-o1\" \/><input type=\"hidden\" name=\"_wpcf7_container_post\" value=\"0\" \/><input type=\"hidden\" name=\"_wpcf7_posted_data_hash\" value=\"\" \/><input type=\"hidden\" name=\"_wpcf7_recaptcha_response\" value=\"\" \/>\n<\/fieldset>\n<div class=\"row\">\n\t<div class=\"col-lg-6\">\n\t\t<div class=\"form-input\">\n\t\t\t<p><label> Last name * <\/label><span class=\"wpcf7-form-control-wrap\" data-name=\"text-695\"><input size=\"40\" maxlength=\"400\" class=\"wpcf7-form-control wpcf7-text wpcf7-validates-as-required\" aria-required=\"true\" aria-invalid=\"false\" value=\"\" type=\"text\" name=\"text-695\" \/><\/span>\n\t\t\t<\/p>\n\t\t<\/div>\n\t<\/div>\n\t<div class=\"col-lg-6\">\n\t\t<div class=\"form-input\">\n\t\t\t<p><label> First name * <\/label><span class=\"wpcf7-form-control-wrap\" data-name=\"text-696\"><input size=\"40\" maxlength=\"400\" class=\"wpcf7-form-control wpcf7-text wpcf7-validates-as-required\" aria-required=\"true\" aria-invalid=\"false\" value=\"\" type=\"text\" name=\"text-696\" \/><\/span>\n\t\t\t<\/p>\n\t\t<\/div>\n\t<\/div>\n\t<div class=\"col-lg-6\">\n\t\t<div class=\"form-input\">\n\t\t\t<p><label> E-mail * <\/label><span class=\"wpcf7-form-control-wrap\" data-name=\"email-825\"><input size=\"40\" maxlength=\"400\" class=\"wpcf7-form-control wpcf7-email wpcf7-validates-as-required wpcf7-text wpcf7-validates-as-email\" aria-required=\"true\" aria-invalid=\"false\" value=\"\" type=\"email\" name=\"email-825\" \/><\/span>\n\t\t\t<\/p>\n\t\t<\/div>\n\t<\/div>\n\t<div class=\"col-lg-6\">\n\t\t<div class=\"form-input\">\n\t\t\t<p><label> Phone number * <\/label><span class=\"wpcf7-form-control-wrap\" data-name=\"tel-241\"><input size=\"40\" maxlength=\"400\" class=\"wpcf7-form-control wpcf7-tel wpcf7-validates-as-required wpcf7-text wpcf7-validates-as-tel\" aria-required=\"true\" aria-invalid=\"false\" value=\"\" type=\"tel\" name=\"tel-241\" \/><\/span>\n\t\t\t<\/p>\n\t\t<\/div>\n\t<\/div>\n\t<div class=\"form-input__select form-input\">\n\t\t<p><label>Subject *<\/label><br \/>\n<span class=\"wpcf7-form-control-wrap\" data-name=\"motif\"><select class=\"wpcf7-form-control wpcf7-select wpcf7-validates-as-required select-motif\" aria-required=\"true\" aria-invalid=\"false\" name=\"motif\"><option value=\"\"><\/option><option value=\"Support for patients\">Support for patients<\/option><option value=\"Support for practitioners\">Support for practitioners<\/option><\/select><\/span>\n\t\t<\/p>\n\t<\/div>\n\t<div class=\"col-lg-12\">\n\t\t<div class=\"form-input\">\n\t\t\t<p><label> Your message <\/label><span class=\"wpcf7-form-control-wrap\" data-name=\"textarea-741\"><textarea cols=\"40\" rows=\"10\" maxlength=\"2000\" class=\"wpcf7-form-control wpcf7-textarea\" aria-invalid=\"false\" name=\"textarea-741\"><\/textarea><\/span>\n\t\t\t<\/p>\n\t\t<\/div>\n\t<\/div>\n\t<div class=\"col-lg-12\">\n\t\t<div class=\"form-input__btn\">\n\t\t\t<p><button class=\"btn btn_blue\"> Send <svg xmlns=\"http:\/\/www.w3.org\/2000\/svg\" width=\"20\" height=\"20\" viewBox=\"0 0 20 20\" fill=\"none\"><path d=\"M18.3333 1.6665L9.16663 10.8332\" stroke=\"white\" stroke-linecap=\"round\" stroke-linejoin=\"round\"\/><path d=\"M18.3333 1.6665L12.5 18.3332L9.16663 10.8332L1.66663 7.49984L18.3333 1.6665Z\" stroke=\"white\" stroke-linecap=\"round\" stroke-linejoin=\"round\"\/><\/svg><span class=\"wpcf7-spinner\"><\/span><\/button>\n\t\t\t<\/p>\n\t\t<\/div>\n\t<\/div>\n<\/div><div class=\"wpcf7-response-output\" aria-hidden=\"true\"><\/div>\n<\/form>\n<\/div>\n\n\n\n\n<p><\/p>\n","protected":false},"excerpt":{"rendered":"<p>The Tongue Teacher team is at your disposal to assist you and answer your questions. Leave us your message here.<\/p>\n","protected":false},"author":1,"featured_media":0,"parent":461,"menu_order":0,"comment_status":"closed","ping_status":"closed","template":"","meta":{"_acf_changed":false,"footnotes":""},"class_list":["post-497","page","type-page","status-publish","hentry"],"acf":[],"yoast_head":"<!-- This site is optimized with the Yoast SEO plugin v26.3 - https:\/\/yoast.com\/wordpress\/plugins\/seo\/ -->\n<title>The Tongue Teacher I Contactez notre \u00e9quipe<\/title>\n<meta name=\"description\" content=\"L\u2019\u00e9quipe The Tongue Teacher est \u00e0 votre disposition pour vous aider et r\u00e9pondre \u00e0 vos questions.\" \/>\n<meta name=\"robots\" content=\"index, follow, max-snippet:-1, max-image-preview:large, max-video-preview:-1\" \/>\n<link rel=\"canonical\" href=\"https:\/\/thetongueteacher.com\/en\/doctor\/support\/\" \/>\n<meta property=\"og:locale\" content=\"en_US\" \/>\n<meta property=\"og:type\" content=\"article\" \/>\n<meta property=\"og:title\" content=\"The Tongue Teacher I Contactez notre \u00e9quipe\" \/>\n<meta property=\"og:description\" content=\"L\u2019\u00e9quipe The Tongue Teacher est \u00e0 votre disposition pour vous aider et r\u00e9pondre \u00e0 vos questions.\" \/>\n<meta property=\"og:url\" content=\"https:\/\/thetongueteacher.com\/en\/doctor\/support\/\" \/>\n<meta property=\"og:site_name\" content=\"The Tongue Teacher\" \/>\n<meta property=\"article:modified_time\" content=\"2026-02-17T11:00:16+00:00\" \/>\n<meta name=\"twitter:card\" content=\"summary_large_image\" \/>\n<meta name=\"twitter:label1\" content=\"Est. reading time\" \/>\n\t<meta name=\"twitter:data1\" content=\"1 minute\" \/>\n<script type=\"application\/ld+json\" class=\"yoast-schema-graph\">{\"@context\":\"https:\/\/schema.org\",\"@graph\":[{\"@type\":\"WebPage\",\"@id\":\"https:\/\/thetongueteacher.com\/en\/doctor\/support\/\",\"url\":\"https:\/\/thetongueteacher.com\/en\/doctor\/support\/\",\"name\":\"The Tongue Teacher I Contactez notre \u00e9quipe\",\"isPartOf\":{\"@id\":\"https:\/\/thetongueteacher.com\/#website\"},\"datePublished\":\"2025-11-14T09:11:25+00:00\",\"dateModified\":\"2026-02-17T11:00:16+00:00\",\"description\":\"L\u2019\u00e9quipe The Tongue Teacher est \u00e0 votre disposition pour vous aider et r\u00e9pondre \u00e0 vos questions.\",\"breadcrumb\":{\"@id\":\"https:\/\/thetongueteacher.com\/en\/doctor\/support\/#breadcrumb\"},\"inLanguage\":\"en-US\",\"potentialAction\":[{\"@type\":\"ReadAction\",\"target\":[\"https:\/\/thetongueteacher.com\/en\/doctor\/support\/\"]}]},{\"@type\":\"BreadcrumbList\",\"@id\":\"https:\/\/thetongueteacher.com\/en\/doctor\/support\/#breadcrumb\",\"itemListElement\":[{\"@type\":\"ListItem\",\"position\":1,\"name\":\"Home\",\"item\":\"https:\/\/thetongueteacher.com\/en\/\"},{\"@type\":\"ListItem\",\"position\":2,\"name\":\"I am a practitioner\",\"item\":\"https:\/\/thetongueteacher.com\/en\/doctor\/\"},{\"@type\":\"ListItem\",\"position\":3,\"name\":\"Contact us\"}]},{\"@type\":\"WebSite\",\"@id\":\"https:\/\/thetongueteacher.com\/#website\",\"url\":\"https:\/\/thetongueteacher.com\/\",\"name\":\"The Tongue Teacher\",\"description\":\"The Tongue Teacher\",\"potentialAction\":[{\"@type\":\"SearchAction\",\"target\":{\"@type\":\"EntryPoint\",\"urlTemplate\":\"https:\/\/thetongueteacher.com\/?s={search_term_string}\"},\"query-input\":{\"@type\":\"PropertyValueSpecification\",\"valueRequired\":true,\"valueName\":\"search_term_string\"}}],\"inLanguage\":\"en-US\"}]}<\/script>\n<!-- \/ Yoast SEO plugin. -->","yoast_head_json":{"title":"The Tongue Teacher I Contactez notre \u00e9quipe","description":"L\u2019\u00e9quipe The Tongue Teacher est \u00e0 votre disposition pour vous aider et r\u00e9pondre \u00e0 vos questions.","robots":{"index":"index","follow":"follow","max-snippet":"max-snippet:-1","max-image-preview":"max-image-preview:large","max-video-preview":"max-video-preview:-1"},"canonical":"https:\/\/thetongueteacher.com\/en\/doctor\/support\/","og_locale":"en_US","og_type":"article","og_title":"The Tongue Teacher I Contactez notre \u00e9quipe","og_description":"L\u2019\u00e9quipe The Tongue Teacher est \u00e0 votre disposition pour vous aider et r\u00e9pondre \u00e0 vos questions.","og_url":"https:\/\/thetongueteacher.com\/en\/doctor\/support\/","og_site_name":"The Tongue Teacher","article_modified_time":"2026-02-17T11:00:16+00:00","twitter_card":"summary_large_image","twitter_misc":{"Est. reading time":"1 minute"},"schema":{"@context":"https:\/\/schema.org","@graph":[{"@type":"WebPage","@id":"https:\/\/thetongueteacher.com\/en\/doctor\/support\/","url":"https:\/\/thetongueteacher.com\/en\/doctor\/support\/","name":"The Tongue Teacher I Contactez notre \u00e9quipe","isPartOf":{"@id":"https:\/\/thetongueteacher.com\/#website"},"datePublished":"2025-11-14T09:11:25+00:00","dateModified":"2026-02-17T11:00:16+00:00","description":"L\u2019\u00e9quipe The Tongue Teacher est \u00e0 votre disposition pour vous aider et r\u00e9pondre \u00e0 vos questions.","breadcrumb":{"@id":"https:\/\/thetongueteacher.com\/en\/doctor\/support\/#breadcrumb"},"inLanguage":"en-US","potentialAction":[{"@type":"ReadAction","target":["https:\/\/thetongueteacher.com\/en\/doctor\/support\/"]}]},{"@type":"BreadcrumbList","@id":"https:\/\/thetongueteacher.com\/en\/doctor\/support\/#breadcrumb","itemListElement":[{"@type":"ListItem","position":1,"name":"Home","item":"https:\/\/thetongueteacher.com\/en\/"},{"@type":"ListItem","position":2,"name":"I am a practitioner","item":"https:\/\/thetongueteacher.com\/en\/doctor\/"},{"@type":"ListItem","position":3,"name":"Contact us"}]},{"@type":"WebSite","@id":"https:\/\/thetongueteacher.com\/#website","url":"https:\/\/thetongueteacher.com\/","name":"The Tongue Teacher","description":"The Tongue Teacher","potentialAction":[{"@type":"SearchAction","target":{"@type":"EntryPoint","urlTemplate":"https:\/\/thetongueteacher.com\/?s={search_term_string}"},"query-input":{"@type":"PropertyValueSpecification","valueRequired":true,"valueName":"search_term_string"}}],"inLanguage":"en-US"}]}},"_links":{"self":[{"href":"https:\/\/thetongueteacher.com\/en\/wp-json\/wp\/v2\/pages\/497","targetHints":{"allow":["GET"]}}],"collection":[{"href":"https:\/\/thetongueteacher.com\/en\/wp-json\/wp\/v2\/pages"}],"about":[{"href":"https:\/\/thetongueteacher.com\/en\/wp-json\/wp\/v2\/types\/page"}],"author":[{"embeddable":true,"href":"https:\/\/thetongueteacher.com\/en\/wp-json\/wp\/v2\/users\/1"}],"replies":[{"embeddable":true,"href":"https:\/\/thetongueteacher.com\/en\/wp-json\/wp\/v2\/comments?post=497"}],"version-history":[{"count":3,"href":"https:\/\/thetongueteacher.com\/en\/wp-json\/wp\/v2\/pages\/497\/revisions"}],"predecessor-version":[{"id":602,"href":"https:\/\/thetongueteacher.com\/en\/wp-json\/wp\/v2\/pages\/497\/revisions\/602"}],"up":[{"embeddable":true,"href":"https:\/\/thetongueteacher.com\/en\/wp-json\/wp\/v2\/pages\/461"}],"wp:attachment":[{"href":"https:\/\/thetongueteacher.com\/en\/wp-json\/wp\/v2\/media?parent=497"}],"curies":[{"name":"wp","href":"https:\/\/api.w.org\/{rel}","templated":true}]}}