{"id":270,"date":"2025-11-04T09:36:57","date_gmt":"2025-11-04T09:36:57","guid":{"rendered":"https:\/\/thetongueteacher.com\/?page_id=270"},"modified":"2026-01-27T11:40:26","modified_gmt":"2026-01-27T11:40:26","slug":"patient","status":"publish","type":"page","link":"https:\/\/thetongueteacher.com\/fr\/patient\/","title":{"rendered":"Je suis patient"},"content":{"rendered":"\n<p class=\"has-text-align-center has-medium-font-size\">Le site The Tongue Teacher est en cours de d\u00e9veloppement<\/p>\n\n\n\n<p class=\"has-text-align-center coming-soon has-text-color has-link-color has-x-large-font-size wp-elements-20e36013108599a19cb2df0adbe4975e\" style=\"color:#1f4a6d\"><strong>COMING SOON<\/strong><\/p>\n\n\n\n<figure class=\"wp-block-image size-large\"><img loading=\"lazy\" decoding=\"async\" width=\"1024\" height=\"751\" src=\"https:\/\/thetongueteacher.com\/wp-content\/uploads\/2025\/11\/83d1e6d49df1d6e318cb1d60fb3ebc7c508bc6ec-2-2048x1501-1-1024x751.png\" alt=\"\" class=\"wp-image-274\" srcset=\"https:\/\/thetongueteacher.com\/wp-content\/uploads\/2025\/11\/83d1e6d49df1d6e318cb1d60fb3ebc7c508bc6ec-2-2048x1501-1-1024x751.png 1024w, https:\/\/thetongueteacher.com\/wp-content\/uploads\/2025\/11\/83d1e6d49df1d6e318cb1d60fb3ebc7c508bc6ec-2-2048x1501-1-300x220.png 300w, https:\/\/thetongueteacher.com\/wp-content\/uploads\/2025\/11\/83d1e6d49df1d6e318cb1d60fb3ebc7c508bc6ec-2-2048x1501-1-768x563.png 768w, https:\/\/thetongueteacher.com\/wp-content\/uploads\/2025\/11\/83d1e6d49df1d6e318cb1d60fb3ebc7c508bc6ec-2-2048x1501-1-1536x1126.png 1536w, https:\/\/thetongueteacher.com\/wp-content\/uploads\/2025\/11\/83d1e6d49df1d6e318cb1d60fb3ebc7c508bc6ec-2-2048x1501-1.png 2048w\" sizes=\"auto, (max-width: 1024px) 100vw, 1024px\" \/><\/figure>\n","protected":false},"excerpt":{"rendered":"<p>Le site The Tongue Teacher est en cours de d\u00e9veloppement COMING SOON<\/p>\n","protected":false},"author":1,"featured_media":275,"parent":0,"menu_order":0,"comment_status":"closed","ping_status":"closed","template":"template-coming.php","meta":{"_acf_changed":false,"footnotes":""},"class_list":["post-270","page","type-page","status-publish","has-post-thumbnail","hentry"],"acf":[],"yoast_head":"<!-- This site is optimized with the Yoast SEO plugin v26.3 - https:\/\/yoast.com\/wordpress\/plugins\/seo\/ -->\n<title>Application r\u00e9\u00e9ducation linguale pour les patients<\/title>\n<meta name=\"description\" content=\"The Tongue Teacher : application de r\u00e9\u00e9ducation linguale et fonctionnelle pour les patients avec exercices et suivi personnalis\u00e9.\" \/>\n<meta name=\"robots\" content=\"index, follow, max-snippet:-1, max-image-preview:large, max-video-preview:-1\" \/>\n<link rel=\"canonical\" href=\"https:\/\/thetongueteacher.com\/patient\/\" \/>\n<meta property=\"og:locale\" content=\"fr_FR\" \/>\n<meta property=\"og:type\" content=\"article\" \/>\n<meta property=\"og:title\" content=\"Application r\u00e9\u00e9ducation linguale pour les patients\" \/>\n<meta property=\"og:description\" content=\"The Tongue Teacher : application de r\u00e9\u00e9ducation linguale et fonctionnelle pour les patients avec exercices et suivi personnalis\u00e9.\" \/>\n<meta property=\"og:url\" content=\"https:\/\/thetongueteacher.com\/patient\/\" \/>\n<meta property=\"og:site_name\" content=\"The Tongue Teacher\" \/>\n<meta property=\"article:modified_time\" content=\"2026-01-27T11:40:26+00:00\" \/>\n<meta property=\"og:image\" content=\"https:\/\/thetongueteacher.com\/wp-content\/uploads\/2025\/11\/1Logo_The-Tongue-Teacher_1-2048x1024-1.png\" \/>\n\t<meta property=\"og:image:width\" content=\"2048\" \/>\n\t<meta property=\"og:image:height\" content=\"1024\" \/>\n\t<meta property=\"og:image:type\" content=\"image\/png\" \/>\n<meta name=\"twitter:card\" content=\"summary_large_image\" \/>\n<meta name=\"twitter:label1\" content=\"Dur\u00e9e de lecture estim\u00e9e\" \/>\n\t<meta name=\"twitter:data1\" content=\"1 minute\" \/>\n<script type=\"application\/ld+json\" class=\"yoast-schema-graph\">{\"@context\":\"https:\/\/schema.org\",\"@graph\":[{\"@type\":\"WebPage\",\"@id\":\"https:\/\/thetongueteacher.com\/patient\/\",\"url\":\"https:\/\/thetongueteacher.com\/patient\/\",\"name\":\"Application r\u00e9\u00e9ducation linguale pour les patients\",\"isPartOf\":{\"@id\":\"https:\/\/thetongueteacher.com\/#website\"},\"primaryImageOfPage\":{\"@id\":\"https:\/\/thetongueteacher.com\/patient\/#primaryimage\"},\"image\":{\"@id\":\"https:\/\/thetongueteacher.com\/patient\/#primaryimage\"},\"thumbnailUrl\":\"https:\/\/thetongueteacher.com\/wp-content\/uploads\/2025\/11\/1Logo_The-Tongue-Teacher_1-2048x1024-1.png\",\"datePublished\":\"2025-11-04T09:36:57+00:00\",\"dateModified\":\"2026-01-27T11:40:26+00:00\",\"description\":\"The Tongue Teacher : application de r\u00e9\u00e9ducation linguale et fonctionnelle pour les patients avec exercices et suivi personnalis\u00e9.\",\"breadcrumb\":{\"@id\":\"https:\/\/thetongueteacher.com\/patient\/#breadcrumb\"},\"inLanguage\":\"fr-FR\",\"potentialAction\":[{\"@type\":\"ReadAction\",\"target\":[\"https:\/\/thetongueteacher.com\/patient\/\"]}]},{\"@type\":\"ImageObject\",\"inLanguage\":\"fr-FR\",\"@id\":\"https:\/\/thetongueteacher.com\/patient\/#primaryimage\",\"url\":\"https:\/\/thetongueteacher.com\/wp-content\/uploads\/2025\/11\/1Logo_The-Tongue-Teacher_1-2048x1024-1.png\",\"contentUrl\":\"https:\/\/thetongueteacher.com\/wp-content\/uploads\/2025\/11\/1Logo_The-Tongue-Teacher_1-2048x1024-1.png\",\"width\":2048,\"height\":1024},{\"@type\":\"BreadcrumbList\",\"@id\":\"https:\/\/thetongueteacher.com\/patient\/#breadcrumb\",\"itemListElement\":[{\"@type\":\"ListItem\",\"position\":1,\"name\":\"Home\",\"item\":\"https:\/\/thetongueteacher.com\/praticien\/\"},{\"@type\":\"ListItem\",\"position\":2,\"name\":\"Je suis patient\"}]},{\"@type\":\"WebSite\",\"@id\":\"https:\/\/thetongueteacher.com\/#website\",\"url\":\"https:\/\/thetongueteacher.com\/\",\"name\":\"The Tongue Teacher\",\"description\":\"The Tongue Teacher\",\"potentialAction\":[{\"@type\":\"SearchAction\",\"target\":{\"@type\":\"EntryPoint\",\"urlTemplate\":\"https:\/\/thetongueteacher.com\/?s={search_term_string}\"},\"query-input\":{\"@type\":\"PropertyValueSpecification\",\"valueRequired\":true,\"valueName\":\"search_term_string\"}}],\"inLanguage\":\"fr-FR\"}]}<\/script>\n<!-- \/ Yoast SEO plugin. -->","yoast_head_json":{"title":"Application r\u00e9\u00e9ducation linguale pour les patients","description":"The Tongue Teacher : application de r\u00e9\u00e9ducation linguale et fonctionnelle pour les patients avec exercices et suivi personnalis\u00e9.","robots":{"index":"index","follow":"follow","max-snippet":"max-snippet:-1","max-image-preview":"max-image-preview:large","max-video-preview":"max-video-preview:-1"},"canonical":"https:\/\/thetongueteacher.com\/patient\/","og_locale":"fr_FR","og_type":"article","og_title":"Application r\u00e9\u00e9ducation linguale pour les patients","og_description":"The Tongue Teacher : application de r\u00e9\u00e9ducation linguale et fonctionnelle pour les patients avec exercices et suivi personnalis\u00e9.","og_url":"https:\/\/thetongueteacher.com\/patient\/","og_site_name":"The Tongue Teacher","article_modified_time":"2026-01-27T11:40:26+00:00","og_image":[{"width":2048,"height":1024,"url":"https:\/\/thetongueteacher.com\/wp-content\/uploads\/2025\/11\/1Logo_The-Tongue-Teacher_1-2048x1024-1.png","type":"image\/png"}],"twitter_card":"summary_large_image","twitter_misc":{"Dur\u00e9e de lecture estim\u00e9e":"1 minute"},"schema":{"@context":"https:\/\/schema.org","@graph":[{"@type":"WebPage","@id":"https:\/\/thetongueteacher.com\/patient\/","url":"https:\/\/thetongueteacher.com\/patient\/","name":"Application r\u00e9\u00e9ducation linguale pour les patients","isPartOf":{"@id":"https:\/\/thetongueteacher.com\/#website"},"primaryImageOfPage":{"@id":"https:\/\/thetongueteacher.com\/patient\/#primaryimage"},"image":{"@id":"https:\/\/thetongueteacher.com\/patient\/#primaryimage"},"thumbnailUrl":"https:\/\/thetongueteacher.com\/wp-content\/uploads\/2025\/11\/1Logo_The-Tongue-Teacher_1-2048x1024-1.png","datePublished":"2025-11-04T09:36:57+00:00","dateModified":"2026-01-27T11:40:26+00:00","description":"The Tongue Teacher : application de r\u00e9\u00e9ducation linguale et fonctionnelle pour les patients avec exercices et suivi personnalis\u00e9.","breadcrumb":{"@id":"https:\/\/thetongueteacher.com\/patient\/#breadcrumb"},"inLanguage":"fr-FR","potentialAction":[{"@type":"ReadAction","target":["https:\/\/thetongueteacher.com\/patient\/"]}]},{"@type":"ImageObject","inLanguage":"fr-FR","@id":"https:\/\/thetongueteacher.com\/patient\/#primaryimage","url":"https:\/\/thetongueteacher.com\/wp-content\/uploads\/2025\/11\/1Logo_The-Tongue-Teacher_1-2048x1024-1.png","contentUrl":"https:\/\/thetongueteacher.com\/wp-content\/uploads\/2025\/11\/1Logo_The-Tongue-Teacher_1-2048x1024-1.png","width":2048,"height":1024},{"@type":"BreadcrumbList","@id":"https:\/\/thetongueteacher.com\/patient\/#breadcrumb","itemListElement":[{"@type":"ListItem","position":1,"name":"Home","item":"https:\/\/thetongueteacher.com\/praticien\/"},{"@type":"ListItem","position":2,"name":"Je suis patient"}]},{"@type":"WebSite","@id":"https:\/\/thetongueteacher.com\/#website","url":"https:\/\/thetongueteacher.com\/","name":"The Tongue Teacher","description":"The Tongue Teacher","potentialAction":[{"@type":"SearchAction","target":{"@type":"EntryPoint","urlTemplate":"https:\/\/thetongueteacher.com\/?s={search_term_string}"},"query-input":{"@type":"PropertyValueSpecification","valueRequired":true,"valueName":"search_term_string"}}],"inLanguage":"fr-FR"}]}},"_links":{"self":[{"href":"https:\/\/thetongueteacher.com\/fr\/wp-json\/wp\/v2\/pages\/270","targetHints":{"allow":["GET"]}}],"collection":[{"href":"https:\/\/thetongueteacher.com\/fr\/wp-json\/wp\/v2\/pages"}],"about":[{"href":"https:\/\/thetongueteacher.com\/fr\/wp-json\/wp\/v2\/types\/page"}],"author":[{"embeddable":true,"href":"https:\/\/thetongueteacher.com\/fr\/wp-json\/wp\/v2\/users\/1"}],"replies":[{"embeddable":true,"href":"https:\/\/thetongueteacher.com\/fr\/wp-json\/wp\/v2\/comments?post=270"}],"version-history":[{"count":7,"href":"https:\/\/thetongueteacher.com\/fr\/wp-json\/wp\/v2\/pages\/270\/revisions"}],"predecessor-version":[{"id":348,"href":"https:\/\/thetongueteacher.com\/fr\/wp-json\/wp\/v2\/pages\/270\/revisions\/348"}],"wp:featuredmedia":[{"embeddable":true,"href":"https:\/\/thetongueteacher.com\/fr\/wp-json\/wp\/v2\/media\/275"}],"wp:attachment":[{"href":"https:\/\/thetongueteacher.com\/fr\/wp-json\/wp\/v2\/media?parent=270"}],"curies":[{"name":"wp","href":"https:\/\/api.w.org\/{rel}","templated":true}]}}