{"id":98,"date":"2025-10-14T15:09:28","date_gmt":"2025-10-14T15:09:28","guid":{"rendered":"https:\/\/thetongueteacher.com\/?page_id=98"},"modified":"2026-04-29T06:55:26","modified_gmt":"2026-04-29T06:55:26","slug":"praticien","status":"publish","type":"page","link":"https:\/\/thetongueteacher.com\/fr\/","title":{"rendered":"Je suis praticien"},"content":{"rendered":"","protected":false},"excerpt":{"rendered":"","protected":false},"author":1,"featured_media":275,"parent":0,"menu_order":0,"comment_status":"closed","ping_status":"closed","template":"page-front.php","meta":{"_acf_changed":false,"footnotes":""},"class_list":["post-98","page","type-page","status-publish","has-post-thumbnail","hentry"],"acf":[],"yoast_head":"<!-- This site is optimized with the Yoast SEO plugin v26.3 - https:\/\/yoast.com\/wordpress\/plugins\/seo\/ -->\n<title>The Tongue Teacher, la solution la r\u00e9\u00e9ducation myofonctionnelle<\/title>\n<meta name=\"description\" content=\"D\u00e9couvrez The Tongue Teacher, la solution de r\u00e9\u00e9ducation fonctionnelle en ligne d\u00e9j\u00e0 int\u00e9gr\u00e9e \u00e0 Dental Monitoring et Orthalis. Proposez \u00e0 vos patients des programmes personnalis\u00e9s de r\u00e9\u00e9ducation pour la mastication, la ventilation, la d\u00e9glutition, la phonation ou la posture \u2014 et suivez leurs progr\u00e8s depuis votre espace praticien.\" \/>\n<meta name=\"robots\" content=\"index, follow, max-snippet:-1, max-image-preview:large, max-video-preview:-1\" \/>\n<link rel=\"canonical\" href=\"https:\/\/thetongueteacher.com\/praticien\/\" \/>\n<meta property=\"og:locale\" content=\"fr_FR\" \/>\n<meta property=\"og:type\" content=\"article\" \/>\n<meta property=\"og:title\" content=\"The Tongue Teacher, la solution la r\u00e9\u00e9ducation myofonctionnelle\" \/>\n<meta property=\"og:description\" content=\"D\u00e9couvrez The Tongue Teacher, la solution de r\u00e9\u00e9ducation fonctionnelle en ligne d\u00e9j\u00e0 int\u00e9gr\u00e9e \u00e0 Dental Monitoring et Orthalis. Proposez \u00e0 vos patients des programmes personnalis\u00e9s de r\u00e9\u00e9ducation pour la mastication, la ventilation, la d\u00e9glutition, la phonation ou la posture \u2014 et suivez leurs progr\u00e8s depuis votre espace praticien.\" \/>\n<meta property=\"og:url\" content=\"https:\/\/thetongueteacher.com\/praticien\/\" \/>\n<meta property=\"og:site_name\" content=\"The Tongue Teacher\" \/>\n<meta property=\"article:modified_time\" content=\"2026-04-29T06:55:26+00:00\" \/>\n<meta property=\"og:image\" content=\"https:\/\/thetongueteacher.com\/wp-content\/uploads\/2025\/11\/1Logo_The-Tongue-Teacher_1-2048x1024-1.png\" \/>\n\t<meta property=\"og:image:width\" content=\"2048\" \/>\n\t<meta property=\"og:image:height\" content=\"1024\" \/>\n\t<meta property=\"og:image:type\" content=\"image\/png\" \/>\n<meta name=\"twitter:card\" content=\"summary_large_image\" \/>\n<meta name=\"twitter:label1\" content=\"Dur\u00e9e de lecture estim\u00e9e\" \/>\n\t<meta name=\"twitter:data1\" content=\"1 minute\" \/>\n<script type=\"application\/ld+json\" class=\"yoast-schema-graph\">{\"@context\":\"https:\/\/schema.org\",\"@graph\":[{\"@type\":\"WebPage\",\"@id\":\"https:\/\/thetongueteacher.com\/praticien\/\",\"url\":\"https:\/\/thetongueteacher.com\/praticien\/\",\"name\":\"The Tongue Teacher, la solution la r\u00e9\u00e9ducation myofonctionnelle\",\"isPartOf\":{\"@id\":\"https:\/\/thetongueteacher.com\/#website\"},\"primaryImageOfPage\":{\"@id\":\"https:\/\/thetongueteacher.com\/praticien\/#primaryimage\"},\"image\":{\"@id\":\"https:\/\/thetongueteacher.com\/praticien\/#primaryimage\"},\"thumbnailUrl\":\"https:\/\/thetongueteacher.com\/wp-content\/uploads\/2025\/11\/1Logo_The-Tongue-Teacher_1-2048x1024-1.png\",\"datePublished\":\"2025-10-14T15:09:28+00:00\",\"dateModified\":\"2026-04-29T06:55:26+00:00\",\"description\":\"D\u00e9couvrez The Tongue Teacher, la solution de r\u00e9\u00e9ducation fonctionnelle en ligne d\u00e9j\u00e0 int\u00e9gr\u00e9e \u00e0 Dental Monitoring et Orthalis. Proposez \u00e0 vos patients des programmes personnalis\u00e9s de r\u00e9\u00e9ducation pour la mastication, la ventilation, la d\u00e9glutition, la phonation ou la posture \u2014 et suivez leurs progr\u00e8s depuis votre espace praticien.\",\"breadcrumb\":{\"@id\":\"https:\/\/thetongueteacher.com\/praticien\/#breadcrumb\"},\"inLanguage\":\"fr-FR\",\"potentialAction\":[{\"@type\":\"ReadAction\",\"target\":[\"https:\/\/thetongueteacher.com\/praticien\/\"]}]},{\"@type\":\"ImageObject\",\"inLanguage\":\"fr-FR\",\"@id\":\"https:\/\/thetongueteacher.com\/praticien\/#primaryimage\",\"url\":\"https:\/\/thetongueteacher.com\/wp-content\/uploads\/2025\/11\/1Logo_The-Tongue-Teacher_1-2048x1024-1.png\",\"contentUrl\":\"https:\/\/thetongueteacher.com\/wp-content\/uploads\/2025\/11\/1Logo_The-Tongue-Teacher_1-2048x1024-1.png\",\"width\":2048,\"height\":1024},{\"@type\":\"BreadcrumbList\",\"@id\":\"https:\/\/thetongueteacher.com\/praticien\/#breadcrumb\",\"itemListElement\":[{\"@type\":\"ListItem\",\"position\":1,\"name\":\"Home\",\"item\":\"https:\/\/thetongueteacher.com\/praticien\/\"},{\"@type\":\"ListItem\",\"position\":2,\"name\":\"Je suis praticien\"}]},{\"@type\":\"WebSite\",\"@id\":\"https:\/\/thetongueteacher.com\/#website\",\"url\":\"https:\/\/thetongueteacher.com\/\",\"name\":\"The Tongue Teacher\",\"description\":\"The Tongue Teacher\",\"potentialAction\":[{\"@type\":\"SearchAction\",\"target\":{\"@type\":\"EntryPoint\",\"urlTemplate\":\"https:\/\/thetongueteacher.com\/?s={search_term_string}\"},\"query-input\":{\"@type\":\"PropertyValueSpecification\",\"valueRequired\":true,\"valueName\":\"search_term_string\"}}],\"inLanguage\":\"fr-FR\"}]}<\/script>\n<!-- \/ Yoast SEO plugin. -->","yoast_head_json":{"title":"The Tongue Teacher, la solution la r\u00e9\u00e9ducation myofonctionnelle","description":"D\u00e9couvrez The Tongue Teacher, la solution de r\u00e9\u00e9ducation fonctionnelle en ligne d\u00e9j\u00e0 int\u00e9gr\u00e9e \u00e0 Dental Monitoring et Orthalis. Proposez \u00e0 vos patients des programmes personnalis\u00e9s de r\u00e9\u00e9ducation pour la mastication, la ventilation, la d\u00e9glutition, la phonation ou la posture \u2014 et suivez leurs progr\u00e8s depuis votre espace praticien.","robots":{"index":"index","follow":"follow","max-snippet":"max-snippet:-1","max-image-preview":"max-image-preview:large","max-video-preview":"max-video-preview:-1"},"canonical":"https:\/\/thetongueteacher.com\/praticien\/","og_locale":"fr_FR","og_type":"article","og_title":"The Tongue Teacher, la solution la r\u00e9\u00e9ducation myofonctionnelle","og_description":"D\u00e9couvrez The Tongue Teacher, la solution de r\u00e9\u00e9ducation fonctionnelle en ligne d\u00e9j\u00e0 int\u00e9gr\u00e9e \u00e0 Dental Monitoring et Orthalis. Proposez \u00e0 vos patients des programmes personnalis\u00e9s de r\u00e9\u00e9ducation pour la mastication, la ventilation, la d\u00e9glutition, la phonation ou la posture \u2014 et suivez leurs progr\u00e8s depuis votre espace praticien.","og_url":"https:\/\/thetongueteacher.com\/praticien\/","og_site_name":"The Tongue Teacher","article_modified_time":"2026-04-29T06:55:26+00:00","og_image":[{"width":2048,"height":1024,"url":"https:\/\/thetongueteacher.com\/wp-content\/uploads\/2025\/11\/1Logo_The-Tongue-Teacher_1-2048x1024-1.png","type":"image\/png"}],"twitter_card":"summary_large_image","twitter_misc":{"Dur\u00e9e de lecture estim\u00e9e":"1 minute"},"schema":{"@context":"https:\/\/schema.org","@graph":[{"@type":"WebPage","@id":"https:\/\/thetongueteacher.com\/praticien\/","url":"https:\/\/thetongueteacher.com\/praticien\/","name":"The Tongue Teacher, la solution la r\u00e9\u00e9ducation myofonctionnelle","isPartOf":{"@id":"https:\/\/thetongueteacher.com\/#website"},"primaryImageOfPage":{"@id":"https:\/\/thetongueteacher.com\/praticien\/#primaryimage"},"image":{"@id":"https:\/\/thetongueteacher.com\/praticien\/#primaryimage"},"thumbnailUrl":"https:\/\/thetongueteacher.com\/wp-content\/uploads\/2025\/11\/1Logo_The-Tongue-Teacher_1-2048x1024-1.png","datePublished":"2025-10-14T15:09:28+00:00","dateModified":"2026-04-29T06:55:26+00:00","description":"D\u00e9couvrez The Tongue Teacher, la solution de r\u00e9\u00e9ducation fonctionnelle en ligne d\u00e9j\u00e0 int\u00e9gr\u00e9e \u00e0 Dental Monitoring et Orthalis. Proposez \u00e0 vos patients des programmes personnalis\u00e9s de r\u00e9\u00e9ducation pour la mastication, la ventilation, la d\u00e9glutition, la phonation ou la posture \u2014 et suivez leurs progr\u00e8s depuis votre espace praticien.","breadcrumb":{"@id":"https:\/\/thetongueteacher.com\/praticien\/#breadcrumb"},"inLanguage":"fr-FR","potentialAction":[{"@type":"ReadAction","target":["https:\/\/thetongueteacher.com\/praticien\/"]}]},{"@type":"ImageObject","inLanguage":"fr-FR","@id":"https:\/\/thetongueteacher.com\/praticien\/#primaryimage","url":"https:\/\/thetongueteacher.com\/wp-content\/uploads\/2025\/11\/1Logo_The-Tongue-Teacher_1-2048x1024-1.png","contentUrl":"https:\/\/thetongueteacher.com\/wp-content\/uploads\/2025\/11\/1Logo_The-Tongue-Teacher_1-2048x1024-1.png","width":2048,"height":1024},{"@type":"BreadcrumbList","@id":"https:\/\/thetongueteacher.com\/praticien\/#breadcrumb","itemListElement":[{"@type":"ListItem","position":1,"name":"Home","item":"https:\/\/thetongueteacher.com\/praticien\/"},{"@type":"ListItem","position":2,"name":"Je suis praticien"}]},{"@type":"WebSite","@id":"https:\/\/thetongueteacher.com\/#website","url":"https:\/\/thetongueteacher.com\/","name":"The Tongue Teacher","description":"The Tongue Teacher","potentialAction":[{"@type":"SearchAction","target":{"@type":"EntryPoint","urlTemplate":"https:\/\/thetongueteacher.com\/?s={search_term_string}"},"query-input":{"@type":"PropertyValueSpecification","valueRequired":true,"valueName":"search_term_string"}}],"inLanguage":"fr-FR"}]}},"_links":{"self":[{"href":"https:\/\/thetongueteacher.com\/fr\/wp-json\/wp\/v2\/pages\/98","targetHints":{"allow":["GET"]}}],"collection":[{"href":"https:\/\/thetongueteacher.com\/fr\/wp-json\/wp\/v2\/pages"}],"about":[{"href":"https:\/\/thetongueteacher.com\/fr\/wp-json\/wp\/v2\/types\/page"}],"author":[{"embeddable":true,"href":"https:\/\/thetongueteacher.com\/fr\/wp-json\/wp\/v2\/users\/1"}],"replies":[{"embeddable":true,"href":"https:\/\/thetongueteacher.com\/fr\/wp-json\/wp\/v2\/comments?post=98"}],"version-history":[{"count":100,"href":"https:\/\/thetongueteacher.com\/fr\/wp-json\/wp\/v2\/pages\/98\/revisions"}],"predecessor-version":[{"id":736,"href":"https:\/\/thetongueteacher.com\/fr\/wp-json\/wp\/v2\/pages\/98\/revisions\/736"}],"wp:featuredmedia":[{"embeddable":true,"href":"https:\/\/thetongueteacher.com\/fr\/wp-json\/wp\/v2\/media\/275"}],"wp:attachment":[{"href":"https:\/\/thetongueteacher.com\/fr\/wp-json\/wp\/v2\/media?parent=98"}],"curies":[{"name":"wp","href":"https:\/\/api.w.org\/{rel}","templated":true}]}}